{"id":61,"date":"2014-02-24T12:56:01","date_gmt":"2014-02-24T11:56:01","guid":{"rendered":"http:\/\/www.prontomare.com\/?page_id=61"},"modified":"2024-05-16T17:00:19","modified_gmt":"2024-05-16T15:00:19","slug":"listino-prezzi-2016","status":"publish","type":"page","link":"https:\/\/www.prontomare.com\/?page_id=61","title":{"rendered":"Listino prezzi 2024"},"content":{"rendered":"\t\t<div data-elementor-type=\"wp-page\" data-elementor-id=\"61\" class=\"elementor elementor-61\">\n\t\t\t\t\t\t<section class=\"elementor-section elementor-top-section elementor-element elementor-element-b948a2a elementor-section-boxed elementor-section-height-default elementor-section-height-default\" data-id=\"b948a2a\" data-element_type=\"section\">\n\t\t\t\t\t\t<div class=\"elementor-container elementor-column-gap-default\">\n\t\t\t\t\t<div class=\"elementor-column elementor-col-100 elementor-top-column elementor-element elementor-element-88acf29\" data-id=\"88acf29\" data-element_type=\"column\">\n\t\t\t<div class=\"elementor-widget-wrap elementor-element-populated\">\n\t\t\t\t\t\t<div class=\"elementor-element elementor-element-d7fe54d elementor-widget elementor-widget-text-editor\" data-id=\"d7fe54d\" data-element_type=\"widget\" data-widget_type=\"text-editor.default\">\n\t\t\t\t<div class=\"elementor-widget-container\">\n\t\t\t<style>\/*! elementor - v3.21.0 - 08-05-2024 *\/\n.elementor-widget-text-editor.elementor-drop-cap-view-stacked .elementor-drop-cap{background-color:#69727d;color:#fff}.elementor-widget-text-editor.elementor-drop-cap-view-framed .elementor-drop-cap{color:#69727d;border:3px solid;background-color:transparent}.elementor-widget-text-editor:not(.elementor-drop-cap-view-default) .elementor-drop-cap{margin-top:8px}.elementor-widget-text-editor:not(.elementor-drop-cap-view-default) .elementor-drop-cap-letter{width:1em;height:1em}.elementor-widget-text-editor .elementor-drop-cap{float:left;text-align:center;line-height:1;font-size:50px}.elementor-widget-text-editor .elementor-drop-cap-letter{display:inline-block}<\/style>\t\t\t\t<table>\n<tbody>\n<tr>\n<td width=\"111\">\n<p><strong><em>Dal &#8211; al<\/em><\/strong><\/p>\n<\/td>\n<td width=\"76\">\n<p><strong><em>Bilo 4<\/em><\/strong><\/p>\n<\/td>\n<td width=\"85\">\n<p><strong><em>Bilo 4+2<\/em><\/strong><\/p>\n<\/td>\n<td width=\"76\">\n<p><strong><em>Trilo 6<\/em><\/strong><\/p>\n<\/td>\n<\/tr>\n<tr>\n<td width=\"111\">\n<p>01\/06 \u2013 30\/06<\/p>\n<\/td>\n<td width=\"76\">\n<p>99,00<\/p>\n<\/td>\n<td width=\"85\">\n<p>110,00<\/p>\n<\/td>\n<td width=\"76\">\n<p>132,00<\/p>\n<\/td>\n<\/tr>\n<tr>\n<td width=\"111\">\n<p>01\/07 &#8211; 20\/07<\/p>\n<\/td>\n<td width=\"76\">\n<p>154,00<\/p>\n<\/td>\n<td width=\"85\">\n<p>165,00<\/p>\n<\/td>\n<td width=\"76\">\n<p>178,00<\/p>\n<\/td>\n<\/tr>\n<tr>\n<td width=\"111\">\n<p>21\/07 \u2013 03\/08<\/p>\n<\/td>\n<td width=\"76\">\n<p>176,00<\/p>\n<\/td>\n<td width=\"85\">\n<p>187,00<\/p>\n<\/td>\n<td width=\"76\">\n<p>198,00<\/p>\n<\/td>\n<\/tr>\n<tr>\n<td width=\"111\">\n<p>04\/08 \u2013 22\/08<\/p>\n<\/td>\n<td width=\"76\">\n<p>242,00<\/p>\n<\/td>\n<td width=\"85\">\n<p>243,00<\/p>\n<\/td>\n<td width=\"76\">\n<p>275,00<\/p>\n<\/td>\n<\/tr>\n<tr>\n<td width=\"111\">\n<p>23\/08 \u2013 04\/09<\/p>\n<\/td>\n<td width=\"76\">\n<p>176,00<\/p>\n<\/td>\n<td width=\"85\">\n<p>187,00<\/p>\n<\/td>\n<td width=\"76\">\n<p>198,00<\/p>\n<\/td>\n<\/tr>\n<tr>\n<td width=\"111\">\n<p>05\/09 \u2013 30\/09<\/p>\n<\/td>\n<td width=\"76\">\n<p>99,00<\/p>\n<\/td>\n<td width=\"85\">\n<p>110,00<\/p>\n<\/td>\n<td width=\"76\">\n<p>132,00<\/p>\n<\/td>\n<\/tr>\n<\/tbody>\n<\/table>\t\t\t\t\t\t<\/div>\n\t\t\t\t<\/div>\n\t\t\t\t\t<\/div>\n\t\t<\/div>\n\t\t\t\t\t<\/div>\n\t\t<\/section>\n\t\t\t\t<section class=\"elementor-section elementor-top-section elementor-element elementor-element-209704fb elementor-section-boxed elementor-section-height-default elementor-section-height-default\" data-id=\"209704fb\" data-element_type=\"section\">\n\t\t\t\t\t\t<div class=\"elementor-container elementor-column-gap-default\">\n\t\t\t\t\t<div class=\"elementor-column elementor-col-100 elementor-top-column elementor-element elementor-element-45734cd6\" data-id=\"45734cd6\" data-element_type=\"column\">\n\t\t\t<div class=\"elementor-widget-wrap elementor-element-populated\">\n\t\t\t\t\t\t<div class=\"elementor-element elementor-element-d551f81 elementor-widget elementor-widget-text-editor\" data-id=\"d551f81\" data-element_type=\"widget\" data-widget_type=\"text-editor.default\">\n\t\t\t\t<div class=\"elementor-widget-container\">\n\t\t\t\t\t\t\t<table>\n<tbody>\n<tr>\n<td width=\"163\">\u00a0<\/td>\n<td width=\"163\">\u00a0<\/td>\n<td width=\"163\">\u00a0<\/td>\n<td width=\"163\">\u00a0<\/td>\n<\/tr>\n<tr>\n<td width=\"163\">\u00a0<\/td>\n<td width=\"163\">\u00a0<\/td>\n<td width=\"163\">\u00a0<\/td>\n<td width=\"163\">\u00a0<\/td>\n<\/tr>\n<\/tbody>\n<\/table>\n<p><span style=\"color: var( --e-global-color-text ); text-align: inherit;\">PREZZI GIORNALIERI IVA AL 10% INCLUSA &#8211; POSSIBILITA&#8217; DI ARRIVO IN QUALSIASI GIORNO DELLA SETTIMANA<\/span><\/p>\n<p>\u00a0<\/p>\n<ul>\n<li>COSTI AGGIUNTIVI :<\/li>\n<li>\u20ac 15,00 al giorno per il consumo di gas, luce e acqua;<\/li>\n<li>\u20ac 80,00 per\u00a0 pulizia finale appartamento;<\/li>\n<li>Tassa di soggiorno da pagare secondo le modalit\u00e0 previste dal comune di Stintino;<\/li>\n<li>Costi per la biancheria(opzione facoltativa, fornita su richiesta):<br \/>\u20ac 20,00 per letto e bagno,<br \/>\u20ac 10,00 per letto o solo bagno,<\/li>\n<li>Cauzione obbligatoria di \u20ac 100,00(cento\/00) _ rimborsabile a fine soggiorno in assenza di danni.<br \/>Alla partenza l&#8217;appartamento deve essere lasciato pulito e l&#8217;angolo cottura in perfetto ordine con piatti e stoviglie lavati e sistemati &#8211; il nostro intervento dar\u00e0 luogo ad un addebito di \u20ac 50,00 che sar\u00e0 scalato dalla cauzione versata. L&#8217;alloggio verr\u00e0 consegnato appena ripulito dopo la partenza dell&#8217;ospite precedente , che (salvo diversi accordi) dovr\u00e0 lasciare libero entro le ore 10:00 &#8211; Quindi presumibilmente potr\u00e0 essere consegnato a partire dalle ore 12:00\u00a0 del giorno di arrivo\u00a0 \u00a0<\/li>\n<\/ul>\n<p><span style=\"font-weight: bold;\">Orario agenzia: 10.00 &#8211; 12.00 \/ 17.00 &#8211; 19.00 (tutti i giorni)<br \/><\/span><span style=\"font-weight: bold;\">Reperibilit\u00e0 telefonica: 10.00 &#8211; 20.00<\/span><\/p>\n<p><span style=\"font-weight: bold;\">In caso di arrivo in orari differenti da quelli stabiliti \u00e8 necessaria una segnalazione anticipata in maniera da garantire in ogni caso un&#8217; assistenza efficace.\u00a0 \u00a0\u00a0<\/span><\/p>\n<p>possibilit\u00e0 di arrivi in qualsiasi giorno della settima<\/p>\n<p><!-- wp:paragraph --><\/p>\n<p><!-- \/wp:paragraph --><\/p>\t\t\t\t\t\t<\/div>\n\t\t\t\t<\/div>\n\t\t\t\t\t<\/div>\n\t\t<\/div>\n\t\t\t\t\t<\/div>\n\t\t<\/section>\n\t\t\t\t<\/div>\n\t\t","protected":false},"excerpt":{"rendered":"<p>Dal &#8211; al Bilo 4 Bilo 4+2 Trilo 6 01\/06 \u2013 30\/06 99,00 110,00 132,00 01\/07 &#8211; 20\/07 154,00 165,00 178,00 21\/07 \u2013 03\/08 176,00 187,00 198,00 04\/08 \u2013 22\/08 242,00 243,00 275,00 23\/08 \u2013 04\/09 176,00 187,00 198,00 05\/09 \u2013 30\/09 99,00 110,00 132,00 \u00a0 \u00a0 \u00a0 \u00a0 \u00a0&#8230;<\/p>\n<p> <a class=\"continue-reading-link\" href=\"https:\/\/www.prontomare.com\/?page_id=61\"><span>Continue reading<\/span><i class=\"crycon-right-dir\"><\/i><\/a> <\/p>\n","protected":false},"author":2,"featured_media":0,"parent":0,"menu_order":4,"comment_status":"closed","ping_status":"closed","template":"","meta":{"footnotes":""},"class_list":["post-61","page","type-page","status-publish","hentry"],"_links":{"self":[{"href":"https:\/\/www.prontomare.com\/index.php?rest_route=\/wp\/v2\/pages\/61","targetHints":{"allow":["GET"]}}],"collection":[{"href":"https:\/\/www.prontomare.com\/index.php?rest_route=\/wp\/v2\/pages"}],"about":[{"href":"https:\/\/www.prontomare.com\/index.php?rest_route=\/wp\/v2\/types\/page"}],"author":[{"embeddable":true,"href":"https:\/\/www.prontomare.com\/index.php?rest_route=\/wp\/v2\/users\/2"}],"replies":[{"embeddable":true,"href":"https:\/\/www.prontomare.com\/index.php?rest_route=%2Fwp%2Fv2%2Fcomments&post=61"}],"version-history":[{"count":30,"href":"https:\/\/www.prontomare.com\/index.php?rest_route=\/wp\/v2\/pages\/61\/revisions"}],"predecessor-version":[{"id":180,"href":"https:\/\/www.prontomare.com\/index.php?rest_route=\/wp\/v2\/pages\/61\/revisions\/180"}],"wp:attachment":[{"href":"https:\/\/www.prontomare.com\/index.php?rest_route=%2Fwp%2Fv2%2Fmedia&parent=61"}],"curies":[{"name":"wp","href":"https:\/\/api.w.org\/{rel}","templated":true}]}}